{"id":17,"date":"2023-01-28T16:16:15","date_gmt":"2023-01-28T16:16:15","guid":{"rendered":"https:\/\/www.bag-immobiliengruppe.de\/?page_id=17"},"modified":"2026-02-23T13:52:18","modified_gmt":"2026-02-23T13:52:18","slug":"impressum","status":"publish","type":"page","link":"https:\/\/www.bag-immobiliengruppe.de\/pl\/impressum\/","title":{"rendered":"Nadruk"},"content":{"rendered":"<div data-elementor-type=\"wp-page\" data-elementor-id=\"17\" class=\"elementor elementor-17\" data-elementor-post-type=\"page\">\n\t\t\t\t\t\t<section class=\"elementor-section elementor-top-section elementor-element elementor-element-3f5396d elementor-section-boxed elementor-section-height-default elementor-section-height-default\" data-id=\"3f5396d\" data-element_type=\"section\" data-e-type=\"section\">\n\t\t\t\t\t\t<div class=\"elementor-container elementor-column-gap-default\">\n\t\t\t\t\t<div class=\"elementor-column elementor-col-100 elementor-top-column elementor-element elementor-element-18f8db7\" data-id=\"18f8db7\" data-element_type=\"column\" data-e-type=\"column\">\n\t\t\t<div class=\"elementor-widget-wrap elementor-element-populated\">\n\t\t\t\t\t\t<div class=\"elementor-element elementor-element-8f751c4 elementor-widget elementor-widget-heading\" data-id=\"8f751c4\" data-element_type=\"widget\" data-e-type=\"widget\" data-widget_type=\"heading.default\">\n\t\t\t\t<div class=\"elementor-widget-container\">\n\t\t\t\t\t<h1 class=\"elementor-heading-title elementor-size-default\">IMPRINT<\/h1>\t\t\t\t<\/div>\n\t\t\t\t<\/div>\n\t\t\t\t<div class=\"elementor-element elementor-element-7a3aaee elementor-widget elementor-widget-text-editor\" data-id=\"7a3aaee\" data-element_type=\"widget\" data-e-type=\"widget\" data-widget_type=\"text-editor.default\">\n\t\t\t\t<div class=\"elementor-widget-container\">\n\t\t\t\t\t\t\t\t\t<p>BAG Immobilienmanagement GmbH<\/p><p>Kurf\u00fcrstendamm 75<\/p><p>10709 Berlin<\/p>\t\t\t\t\t\t\t\t<\/div>\n\t\t\t\t<\/div>\n\t\t\t\t<div class=\"elementor-element elementor-element-9276023 elementor-icon-list--layout-traditional elementor-list-item-link-full_width elementor-widget elementor-widget-icon-list\" data-id=\"9276023\" data-element_type=\"widget\" data-e-type=\"widget\" data-widget_type=\"icon-list.default\">\n\t\t\t\t<div class=\"elementor-widget-container\">\n\t\t\t\t\t\t\t<ul class=\"elementor-icon-list-items\">\n\t\t\t\t\t\t\t<li class=\"elementor-icon-list-item\">\n\t\t\t\t\t\t\t\t\t\t\t<a href=\"tel:+493088918889\">\n\n\t\t\t\t\t\t\t\t\t\t\t\t<span class=\"elementor-icon-list-icon\">\n\t\t\t\t\t\t\t<i aria-hidden=\"true\" class=\"fas fa-phone-alt\"><\/i>\t\t\t\t\t\t<\/span>\n\t\t\t\t\t\t\t\t\t\t<span class=\"elementor-icon-list-text\">+ 49 30 889188 89<\/span>\n\t\t\t\t\t\t\t\t\t\t\t<\/a>\n\t\t\t\t\t\t\t\t\t<\/li>\n\t\t\t\t\t\t\t\t<li class=\"elementor-icon-list-item\">\n\t\t\t\t\t\t\t\t\t\t\t<a href=\"mailto:info@bag-immobiliengruppe.de\">\n\n\t\t\t\t\t\t\t\t\t\t\t\t<span class=\"elementor-icon-list-icon\">\n\t\t\t\t\t\t\t<i aria-hidden=\"true\" class=\"far fa-envelope\"><\/i>\t\t\t\t\t\t<\/span>\n\t\t\t\t\t\t\t\t\t\t<span class=\"elementor-icon-list-text\">info@bag-immobiliengruppe.de<\/span>\n\t\t\t\t\t\t\t\t\t\t\t<\/a>\n\t\t\t\t\t\t\t\t\t<\/li>\n\t\t\t\t\t\t\t\t<li class=\"elementor-icon-list-item\">\n\t\t\t\t\t\t\t\t\t\t\t<a href=\"http:\/\/www.bag-immobiliengruppe.de\/pl\/\">\n\n\t\t\t\t\t\t\t\t\t\t\t\t<span class=\"elementor-icon-list-icon\">\n\t\t\t\t\t\t\t<svg xmlns=\"http:\/\/www.w3.org\/2000\/svg\" xmlns:xlink=\"http:\/\/www.w3.org\/1999\/xlink\" id=\"Layer_1\" x=\"0px\" y=\"0px\" viewbox=\"0 0 200 200\" style=\"enable-background:new 0 0 200 200;\" xml:space=\"preserve\"><style type=\"text\/css\">\t.st0{fill:none;stroke:#0070C0;stroke-width:10;stroke-linecap:round;stroke-linejoin:round;stroke-miterlimit:10;}<\/style><g>\t<circle class=\"st0\" cx=\"100\" cy=\"100\" r=\"91.3\"><\/circle>\t<path class=\"st0\" d=\"M159.6,30.9c-16,13.8-36.8,22.2-59.6,22.2S56.4,44.8,40.4,31\"><\/path>\t<path class=\"st0\" d=\"M40.4,169.1c16-13.8,36.8-22.2,59.6-22.2s43.6,8.4,59.6,22.2\"><\/path>\t<path class=\"st0\" d=\"M100,8.7C77,26.9,61.5,61,61.5,100S77,173.1,100,191.3c23-18.2,38.5-52.3,38.5-91.3S123,26.9,100,8.7z\"><\/path>\t<line class=\"st0\" x1=\"8.7\" y1=\"100\" x2=\"191.3\" y2=\"100\"><\/line><\/g><\/svg>\t\t\t\t\t\t<\/span>\n\t\t\t\t\t\t\t\t\t\t<span class=\"elementor-icon-list-text\">www.bag-immobiliengruppe.de<\/span>\n\t\t\t\t\t\t\t\t\t\t\t<\/a>\n\t\t\t\t\t\t\t\t\t<\/li>\n\t\t\t\t\t\t<\/ul>\n\t\t\t\t\t\t<\/div>\n\t\t\t\t<\/div>\n\t\t\t\t<div class=\"elementor-element elementor-element-7123d99 elementor-widget elementor-widget-text-editor\" data-id=\"7123d99\" data-element_type=\"widget\" data-e-type=\"widget\" data-widget_type=\"text-editor.default\">\n\t\t\t\t<div class=\"elementor-widget-container\">\n\t\t\t\t\t\t\t\t\t<div class=\"elementor-element elementor-element-7a3aaee elementor-widget elementor-widget-text-editor\" data-id=\"7a3aaee\" data-element_type=\"widget\" data-widget_type=\"text-editor.default\">\n<div class=\"elementor-widget-container\">\n<div class=\"elementor-element elementor-element-9276023 elementor-icon-list--layout-traditional elementor-list-item-link-full_width elementor-widget elementor-widget-icon-list\" data-id=\"9276023\" data-element_type=\"widget\" data-widget_type=\"icon-list.default\">\n<div class=\"elementor-widget-container\">\n<div class=\"elementor-element elementor-element-7a3aaee elementor-widget elementor-widget-text-editor\" data-id=\"7a3aaee\" data-element_type=\"widget\" data-widget_type=\"text-editor.default\">\n<div class=\"elementor-widget-container\">\n<div class=\"elementor-element elementor-element-7123d99 elementor-widget elementor-widget-text-editor\" data-id=\"7123d99\" data-element_type=\"widget\" data-widget_type=\"text-editor.default\">\n<div class=\"elementor-widget-container\">\n<div>Gesch\u00e4ftsf\u00fchrung: A. Pejovic<\/div>\n<div>Zarz\u0105dzanie: Pejovic<\/div>\n<div>&nbsp;<\/div>\n<\/div>\n<\/div>\n<\/div>\n<div>\n<div><span style=\"font-weight: normal;\">Wpis do rejestru:<\/span><\/div>\n<div><span style=\"font-weight: normal;\">Wpis do rejestru handlowego.<\/span><\/div>\n<div><span style=\"font-weight: normal;\">S\u0105d rejestrowy: S\u0105d lokalny Charlottenburg<\/span><\/div>\n<div><span style=\"font-weight: normal;\">Numer rejestracyjny: HRB 263 607 B<\/span><\/div>\n<\/div>\n<div>\n<div><span style=\"font-weight: normal;\">&nbsp;<\/span><\/div>\n<div><span style=\"font-weight: normal;\">Identyfikator podatkowy sprzeda\u017cy:<\/span><\/div>\n<div><span style=\"font-weight: normal;\">Numer identyfikacji podatkowej zgodnie z \u00a727 ustawy o podatku od sprzeda\u017cy:<\/span><\/div>\n<div><span style=\"font-weight: normal;\">DE369001700<\/span><\/div>\n<\/div>\n<div>\n<div><span style=\"font-weight: normal;\">&nbsp;<\/span><\/div>\n<div><span style=\"font-weight: normal;\">Odpowiedzialny za tre\u015b\u0107 zgodnie z \u00a7 55 Abs. 2 RStV:<\/span><\/div>\n<div><span style=\"font-weight: normal;\">A. Pejovic,a.pejovic@bag-immobiliengruppe.de,Slider<\/span><\/div>\n<div style=\"font-weight: normal;\">\n<p>Kurf\u00fcrstendamm 75<\/p>\n<p>10709 Berlin<\/p>\n<\/div>\n<div><span style=\"font-weight: normal;\">&nbsp;<\/span><\/div>\n<\/div>\n<div>\n<div><span style=\"font-weight: normal;\">Rozwi\u0105zywanie spor\u00f3w online:<\/span><\/div>\n<div><span style=\"font-weight: normal;\">Komisja Europejska udost\u0119pnia platform\u0119 internetow\u0105<\/span><\/div>\n<div><span style=\"font-weight: normal;\">rozwi\u0105zywanie spor\u00f3w (OS):<\/span><\/div>\n<div><span style=\"font-weight: normal;\">https:\/\/ec.europa.eu\/consumers\/odr\/<\/span><\/div>\n<div><span style=\"font-weight: normal;\">Nasz adres e-mail mo\u017cna znale\u017a\u0107 w powy\u017cszej nocie prawnej.<\/span><\/div>\n<\/div>\n<\/div>\n<\/div>\n<\/div>\n<\/div>\n<\/div>\t\t\t\t\t\t\t\t<\/div>\n\t\t\t\t<\/div>\n\t\t\t\t\t<\/div>\n\t\t<\/div>\n\t\t\t\t\t<\/div>\n\t\t<\/section>\n\t\t\t\t<\/div>","protected":false},"excerpt":{"rendered":"<p>IMPRESSUM BAG Immobilienmanagement GmbH Kurf\u00fcrstendamm 75 10709 Berlin + 49 30 889188 89 info@bag-immobiliengruppe.de www.bag-immobiliengruppe.de Gesch\u00e4ftsf\u00fchrung: A. Pejovic Gesch\u00e4ftsleitung: Pejovic &nbsp; Registereintrag: Eingetragen im Handelsregister. Registergericht: Amtsgericht Charlottenburg Registernummer: HRB 263 607 B &nbsp; Umsatzsteuer-ID: Umsatzsteuer-Identifikationsnummer gem\u00e4\u00df \u00a727 a Umsatzsteuergesetz: DE369001700 &nbsp; Inhaltlich verantwortlich gem\u00e4\u00df \u00a7 55 Abs. 2 RStV: A. Pejovic Kurf\u00fcrstendamm 75 10709 [&hellip;]<\/p>\n","protected":false},"author":1,"featured_media":0,"parent":0,"menu_order":0,"comment_status":"closed","ping_status":"closed","template":"","meta":{"footnotes":""},"class_list":["post-17","page","type-page","status-publish","hentry"],"_links":{"self":[{"href":"https:\/\/www.bag-immobiliengruppe.de\/pl\/wp-json\/wp\/v2\/pages\/17","targetHints":{"allow":["GET"]}}],"collection":[{"href":"https:\/\/www.bag-immobiliengruppe.de\/pl\/wp-json\/wp\/v2\/pages"}],"about":[{"href":"https:\/\/www.bag-immobiliengruppe.de\/pl\/wp-json\/wp\/v2\/types\/page"}],"author":[{"embeddable":true,"href":"https:\/\/www.bag-immobiliengruppe.de\/pl\/wp-json\/wp\/v2\/users\/1"}],"replies":[{"embeddable":true,"href":"https:\/\/www.bag-immobiliengruppe.de\/pl\/wp-json\/wp\/v2\/comments?post=17"}],"version-history":[{"count":41,"href":"https:\/\/www.bag-immobiliengruppe.de\/pl\/wp-json\/wp\/v2\/pages\/17\/revisions"}],"predecessor-version":[{"id":1853,"href":"https:\/\/www.bag-immobiliengruppe.de\/pl\/wp-json\/wp\/v2\/pages\/17\/revisions\/1853"}],"wp:attachment":[{"href":"https:\/\/www.bag-immobiliengruppe.de\/pl\/wp-json\/wp\/v2\/media?parent=17"}],"curies":[{"name":"wp","href":"https:\/\/api.w.org\/{rel}","templated":true}]}}